{"id":1109,"date":"2018-05-16T13:52:54","date_gmt":"2018-05-16T11:52:54","guid":{"rendered":"https:\/\/www.kerber-seefeld.at\/?page_id=1109"},"modified":"2025-05-08T13:54:41","modified_gmt":"2025-05-08T11:54:41","slug":"home","status":"publish","type":"page","link":"https:\/\/www.kerber-seefeld.at\/it\/","title":{"rendered":"Home"},"content":{"rendered":"<p>[et_pb_section fb_built=&#8221;1&#8243; fullwidth=&#8221;on&#8221; _builder_version=&#8221;4.27.4&#8243; _module_preset=&#8221;default&#8221; global_colors_info=&#8221;{}&#8221;][et_pb_fullwidth_slider _builder_version=&#8221;4.27.4&#8243; _module_preset=&#8221;default&#8221; background_enable_image=&#8221;off&#8221; custom_padding=&#8221;||209px|83px||&#8221; animation_style=&#8221;fade&#8221; auto=&#8221;on&#8221; locked=&#8221;off&#8221; global_colors_info=&#8221;{}&#8221;][et_pb_slide _builder_version=&#8221;4.27.4&#8243; _module_preset=&#8221;default&#8221; background_image=&#8221;https:\/\/www.kerber-seefeld.at\/wp-content\/uploads\/kerber_see.png&#8221; background_enable_image=&#8221;on&#8221; locked=&#8221;off&#8221; global_colors_info=&#8221;{}&#8221; sticky_transition=&#8221;on&#8221;][\/et_pb_slide][et_pb_slide _builder_version=&#8221;4.27.4&#8243; _module_preset=&#8221;default&#8221; background_image=&#8221;https:\/\/www.kerber-seefeld.at\/wp-content\/uploads\/kerber_sommer.png&#8221; background_enable_image=&#8221;on&#8221; locked=&#8221;off&#8221; global_colors_info=&#8221;{}&#8221; sticky_transition=&#8221;on&#8221;][\/et_pb_slide][et_pb_slide _builder_version=&#8221;4.27.4&#8243; _module_preset=&#8221;default&#8221; background_image=&#8221;https:\/\/www.kerber-seefeld.at\/wp-content\/uploads\/kerber_sauna.png&#8221; background_enable_image=&#8221;on&#8221; locked=&#8221;off&#8221; global_colors_info=&#8221;{}&#8221; sticky_transition=&#8221;on&#8221;][\/et_pb_slide][et_pb_slide _builder_version=&#8221;4.27.4&#8243; _module_preset=&#8221;default&#8221; background_image=&#8221;https:\/\/www.kerber-seefeld.at\/wp-content\/uploads\/kerber_winter.png&#8221; background_enable_image=&#8221;on&#8221; locked=&#8221;off&#8221; global_colors_info=&#8221;{}&#8221; sticky_transition=&#8221;on&#8221;][\/et_pb_slide][\/et_pb_fullwidth_slider][\/et_pb_section][et_pb_section fb_built=&#8221;1&#8243; disabled_on=&#8221;off|on|on&#8221; _builder_version=&#8221;4.16&#8243; custom_margin=&#8221;0px||0px||false|false&#8221; custom_padding=&#8221;0px||0px||false|false&#8221; top_divider_height=&#8221;1px&#8221; bottom_divider_height=&#8221;1px&#8221; global_colors_info=&#8221;{}&#8221;][et_pb_row column_structure=&#8221;1_2,1_2&#8243; _builder_version=&#8221;4.16&#8243; max_height=&#8221;70px&#8221; global_colors_info=&#8221;{}&#8221;][et_pb_column type=&#8221;1_2&#8243; _builder_version=&#8221;4.27.4&#8243; _module_preset=&#8221;default&#8221; global_colors_info=&#8221;{}&#8221;][\/et_pb_column][et_pb_column type=&#8221;1_2&#8243; _builder_version=&#8221;4.16&#8243; global_colors_info=&#8221;{}&#8221;][\/et_pb_column][\/et_pb_row][\/et_pb_section][et_pb_section fb_built=&#8221;1&#8243; _builder_version=&#8221;4.27.4&#8243; _module_preset=&#8221;default&#8221; custom_padding=&#8221;||6px|||&#8221; locked=&#8221;off&#8221; global_colors_info=&#8221;{}&#8221;][et_pb_row column_structure=&#8221;2_3,1_3&#8243; _builder_version=&#8221;4.27.4&#8243; _module_preset=&#8221;default&#8221; global_colors_info=&#8221;{}&#8221;][et_pb_column type=&#8221;2_3&#8243; _builder_version=&#8221;4.27.4&#8243; _module_preset=&#8221;default&#8221; global_colors_info=&#8221;{}&#8221;][et_pb_text _builder_version=&#8221;4.27.4&#8243; header_line_height=&#8221;1.5em&#8221; header_2_font_size=&#8221;20px&#8221; header_2_line_height=&#8221;1.3em&#8221; min_height=&#8221;64px&#8221; custom_margin=&#8221;-28px||||false|false&#8221; custom_padding=&#8221;29px|||||&#8221; global_colors_info=&#8221;{}&#8221;]<\/p>\n<h1>Affascinanti appartamenti per le vacanze a Seefeld \/ Tirolo <br \/>con la famiglia Kerber<\/h1>\n<h2>Vacanze in appartamento con gli amici<\/h2>\n<p style=\"font-weight: 400;\">Benvenuti nel paradiso delle vacanze! L&#8217;Appartements Kerber si trova in una posizione unica e tranquilla sul Geigenb\u00fchel, uno dei migliori indirizzi di Seefeld in Tirolo. Trascorrete le vostre vacanze nel cuore delle Alpi, a Seefeld, a 1.200 metri di altitudine.<\/p>\n<p style=\"font-weight: 400;\">La variet\u00e0 di attivit\u00e0 sportive e per il tempo libero sull&#8217;altopiano \u00e8 quasi illimitata, con vere avventure, esperienze emozionanti e rilassanti che vi aspettano in estate e in inverno.<\/p>\n<p style=\"font-weight: 400;\">\n<p>[\/et_pb_text][et_pb_button button_url=&#8221;\/it\/appartamenti\/&#8221; button_text=&#8221;Trovare un appartamento per le vacanze&#8221; _builder_version=&#8221;4.27.4&#8243; _module_preset=&#8221;default&#8221; custom_button=&#8221;on&#8221; button_bg_color=&#8221;RGBA(255,255,255,0)&#8221; button_bg_use_color_gradient=&#8221;on&#8221; button_bg_color_gradient_stops=&#8221;#97ce00 0%|#7da85a 100%&#8221; button_border_width=&#8221;1px&#8221; button_border_color=&#8221;#9fba64&#8243; button_border_radius=&#8221;6px&#8221; button_letter_spacing=&#8221;0px&#8221; button_font=&#8221;&#8211;et_global_body_font||||||||&#8221; background_layout=&#8221;dark&#8221; button_text_shadow_style=&#8221;preset1&#8243; button_text_shadow_color=&#8221;#5B8500&#8243; global_colors_info=&#8221;{}&#8221;][\/et_pb_button][\/et_pb_column][et_pb_column type=&#8221;1_3&#8243; _builder_version=&#8221;4.27.4&#8243; _module_preset=&#8221;default&#8221; global_colors_info=&#8221;{}&#8221;][et_pb_blurb title=&#8221;Vacanze a Seefeld&#8221; url=&#8221;\/it\/vacanze-a-seefeld\/&#8221; image=&#8221;https:\/\/www.kerber-seefeld.at\/wp-content\/uploads\/2223.jpgw_.jpg&#8221; alt=&#8221;Seefeld&#8221; admin_label=&#8221;Informationstext&#8221; _builder_version=&#8221;4.27.4&#8243; header_level=&#8221;h3&#8243; text_orientation=&#8221;center&#8221; width=&#8221;73.7%&#8221; custom_margin=&#8221;|||90px||&#8221; custom_padding=&#8221;15px||15px|&#8221; custom_css_blurb_content=&#8221;padding-right: 15px;||padding-left: 15px;&#8221; border_radii=&#8221;on|5px|5px|5px|5px&#8221; box_shadow_style=&#8221;preset1&#8243; global_colors_info=&#8221;{}&#8221;]<\/p>\n<p>Godetevi le delizie culinarie, i grandi itinerari e il puro divertimento sull&#8217;altopiano!<\/p>\n<p><a href=\"\/it\/vacanze-a-seefeld\"><strong>&gt; Scoprire Seefeld<\/strong><\/a><\/p>\n<p><strong><\/strong><\/p>\n<p>[\/et_pb_blurb][\/et_pb_column][\/et_pb_row][et_pb_row _builder_version=&#8221;4.27.4&#8243; _module_preset=&#8221;default&#8221; global_colors_info=&#8221;{}&#8221;][et_pb_column type=&#8221;4_4&#8243; _builder_version=&#8221;4.27.4&#8243; _module_preset=&#8221;default&#8221; global_colors_info=&#8221;{}&#8221;][et_pb_text _builder_version=&#8221;4.27.4&#8243; _module_preset=&#8221;default&#8221; global_colors_info=&#8221;{}&#8221;]<\/p>\n<h2>I nostri appartamenti per le vacanze e gli appartamenti di Kerber a Seefeld<\/h2>\n<p>La nostra casa con molti appartamenti accoglienti di diverse dimensioni si trova a Seefeld in Tirolo in una posizione tranquilla, a soli 10 minuti a piedi dal centro del paese (l&#8217;autobus locale gratuito si ferma proprio accanto ai nostri appartamenti). La nostra casa si trova direttamente sulla pista da sci Geigenb\u00fchel &#8211; in estate un bellissimo prato fiorito con una vista meravigliosa. Area sauna, solarium, idromassaggio, cabina a infrarossi, parcheggio sotterraneo, posti auto, parco giochi per bambini, ping-pong, servizio panini, servizio lavanderia completano la nostra offerta.<\/p>\n<p>[\/et_pb_text][\/et_pb_column][\/et_pb_row][et_pb_row column_structure=&#8221;1_4,1_4,1_4,1_4&#8243; _builder_version=&#8221;4.27.4&#8243; _module_preset=&#8221;default&#8221; global_colors_info=&#8221;{}&#8221;][et_pb_column type=&#8221;1_4&#8243; _builder_version=&#8221;4.27.4&#8243; _module_preset=&#8221;default&#8221; global_colors_info=&#8221;{}&#8221;][et_pb_blurb title=&#8221;Centro Benessere&#8221; url=&#8221;\/wellness&#8221; image=&#8221;https:\/\/www.kerber-seefeld.at\/wp-content\/uploads\/2223.jpg.jpg&#8221; admin_label=&#8221;Informationstext&#8221; _builder_version=&#8221;4.27.4&#8243; header_level=&#8221;h3&#8243; text_orientation=&#8221;center&#8221; custom_padding=&#8221;15px||15px|&#8221; custom_css_blurb_content=&#8221;padding-right: 15px;||padding-left: 15px;&#8221; border_radii=&#8221;on|5px|5px|5px|5px&#8221; box_shadow_style=&#8221;preset1&#8243; global_colors_info=&#8221;{}&#8221;]<\/p>\n<p>Dimenticate i pensieri di ogni giorno nella area benessere.<\/p>\n<p><strong><a href=\"https:\/\/www.kerber-seefeld.at\/it\/centro-benessere\/\">&gt; di pi\u00f9<\/a><\/strong><\/p>\n<p><strong><\/strong><\/p>\n<p>[\/et_pb_blurb][\/et_pb_column][et_pb_column type=&#8221;1_4&#8243; _builder_version=&#8221;4.27.4&#8243; _module_preset=&#8221;default&#8221; global_colors_info=&#8221;{}&#8221;][et_pb_blurb title=&#8221;Seefeld in Tirolo&#8221; url=&#8221;\/urlaub-in-seefeld\/&#8221; image=&#8221;https:\/\/www.kerber-seefeld.at\/wp-content\/uploads\/seefeld-1.jpg&#8221; admin_label=&#8221;Informationstext&#8221; _builder_version=&#8221;4.27.4&#8243; header_level=&#8221;h3&#8243; text_orientation=&#8221;center&#8221; custom_padding=&#8221;15px||15px|&#8221; custom_css_blurb_content=&#8221;padding-right: 15px;||padding-left: 15px;&#8221; border_radii=&#8221;on|5px|5px|5px|5px&#8221; box_shadow_style=&#8221;preset1&#8243; global_colors_info=&#8221;{}&#8221;]<\/p>\n<p>Ci troviamo a soli dieci minuti a piedi dal centro di Seefeld.<\/p>\n<p><strong><a href=\"https:\/\/www.kerber-seefeld.at\/it\/vacanze-a-seefeld\/\">&gt; di pi\u00f9<\/a><\/strong><\/p>\n<p><strong><\/strong><\/p>\n<p>[\/et_pb_blurb][\/et_pb_column][et_pb_column type=&#8221;1_4&#8243; _builder_version=&#8221;4.27.4&#8243; _module_preset=&#8221;default&#8221; global_colors_info=&#8221;{}&#8221;][et_pb_blurb title=&#8221;Ap\u00adpar\u00adta\u00admenti&#8221; url=&#8221;http:\/\/it\/appartamenti\/&#8221; image=&#8221;https:\/\/www.kerber-seefeld.at\/wp-content\/uploads\/2223.jpg3_.jpg&#8221; _builder_version=&#8221;4.27.4&#8243; header_level=&#8221;h3&#8243; text_orientation=&#8221;center&#8221; custom_padding=&#8221;15px||15px|&#8221; custom_css_blurb_content=&#8221;padding-right: 15px;||padding-left: 15px;&#8221; border_radii=&#8221;on|5px|5px|5px|5px&#8221; box_shadow_style=&#8221;preset1&#8243; global_colors_info=&#8221;{}&#8221;]<\/p>\n<p>Scoprite i nostri bellissimi appartamenti per le vacanze!<\/p>\n<p><a href=\"it\/appartamenti\/\" title=\"Appartamenti\"><strong>&gt; di pi\u00f9<\/strong><\/a><\/p>\n<p><strong><\/strong><\/p>\n<p>[\/et_pb_blurb][\/et_pb_column][et_pb_column type=&#8221;1_4&#8243; _builder_version=&#8221;4.27.4&#8243; _module_preset=&#8221;default&#8221; global_colors_info=&#8221;{}&#8221;][et_pb_blurb title=&#8221;Contatti&#8221; url=&#8221;\/urlaub-in-seefeld\/&#8221; image=&#8221;https:\/\/www.kerber-seefeld.at\/wp-content\/uploads\/kontakt.jpg&#8221; admin_label=&#8221;Informationstext&#8221; _builder_version=&#8221;4.27.4&#8243; header_level=&#8221;h3&#8243; text_orientation=&#8221;center&#8221; custom_padding=&#8221;15px||15px|&#8221; custom_css_blurb_content=&#8221;padding-right: 15px;||padding-left: 15px;&#8221; border_radii=&#8221;on|5px|5px|5px|5px&#8221; box_shadow_style=&#8221;preset1&#8243; global_colors_info=&#8221;{}&#8221;]<\/p>\n<p>Avete domande, o volete prenotare direttamente con noi?<\/p>\n<p><strong><a href=\"https:\/\/www.kerber-seefeld.at\/it\/contatti\">&gt; di pi\u00f9<\/a><\/strong><\/p>\n<p><strong><\/strong><\/p>\n<p>[\/et_pb_blurb][\/et_pb_column][\/et_pb_row][et_pb_row column_structure=&#8221;2_3,1_3&#8243; _builder_version=&#8221;4.27.4&#8243; _module_preset=&#8221;default&#8221; global_colors_info=&#8221;{}&#8221;][et_pb_column type=&#8221;2_3&#8243; _builder_version=&#8221;4.27.4&#8243; _module_preset=&#8221;default&#8221; global_colors_info=&#8221;{}&#8221;][et_pb_text _builder_version=&#8221;4.27.4&#8243; text_font=&#8221;||||||||&#8221; header_font=&#8221;||||||||&#8221; header_line_height=&#8221;1.5em&#8221; header_2_font=&#8221;||||||||&#8221; header_2_font_size=&#8221;20px&#8221; header_2_line_height=&#8221;1.3em&#8221; custom_margin=&#8221;||0px|&#8221; global_colors_info=&#8221;{}&#8221;]<\/p>\n<h2>I nostri servizi di coccole<\/h2>\n<p>[\/et_pb_text][et_pb_text _builder_version=&#8221;4.27.4&#8243; header_line_height=&#8221;1.5em&#8221; header_2_font_size=&#8221;20px&#8221; header_2_line_height=&#8221;1.3em&#8221; custom_margin=&#8221;|||6px&#8221; global_colors_info=&#8221;{}&#8221;]<\/p>\n<ul style=\"list-style-image: url(\/wp-content\/uploads\/2018\/05\/liststyleicon.jpg;\">\n<li>Appartamenti da 1-4 camere presentano con un arredamento confortevole<\/li>\n<li>Utilizzo del centro benessere nella struttura (domenica a venerd\u00ec a partire dalle 17.00 fino alle 21.00)<\/li>\n<li>sauna finlandese<\/li>\n<li>biosauna<\/li>\n<li>bagno turco<\/li>\n<li>cabina a infrarossi<\/li>\n<li>vasca idromassagio<\/li>\n<li>solarium<\/li>\n<li>Entrata libera all\u2019Alpenbad Leutasch 4 ore giornaliere (solo in estate)<\/li>\n<li>Entrata ridotta al centro piscine Olympia a Seefeld da luned\u00ec a venerd\u00ec<\/li>\n<li>accesso internet WLAN gratis in tutti appartamenti<\/li>\n<li>Utilizzo gratuito delle piste da sci di fondo, dei trasporti pubblici e altro ancora con la Seefeld Plateau Card<\/li>\n<\/ul>\n<p>[\/et_pb_text][\/et_pb_column][et_pb_column type=&#8221;1_3&#8243; _builder_version=&#8221;4.27.4&#8243; _module_preset=&#8221;default&#8221; global_colors_info=&#8221;{}&#8221;][et_pb_image src=&#8221;https:\/\/www.kerber-seefeld.at\/wp-content\/uploads\/bewertugn.png&#8221; align_tablet=&#8221;center&#8221; align_phone=&#8221;&#8221; align_last_edited=&#8221;on|desktop&#8221; _builder_version=&#8221;4.16&#8243; custom_css_main_element=&#8221;max-width: 125px;&#8221; global_colors_info=&#8221;{}&#8221;][\/et_pb_image][et_pb_text _builder_version=&#8221;4.27.4&#8243; header_line_height=&#8221;1.5em&#8221; header_2_font_size=&#8221;20px&#8221; header_2_line_height=&#8221;1.3em&#8221; custom_margin=&#8221;||0px|&#8221; global_colors_info=&#8221;{}&#8221;]<\/p>\n<h2>Valutazione dei nostri ospiti<\/h2>\n<p>Gli appartamenti Kerber di Seefeld sono felici di ricevere valutazioni dai propri clienti. V\u2019invitiamo ad entrare e a sfogliare fra le esperienze di chi ha gi\u00e0 trascorso delle vacanze da noi:<\/p>\n<p>[\/et_pb_text][et_pb_image src=&#8221;https:\/\/www.kerber-seefeld.at\/wp-content\/uploads\/booking-logo.png&#8221; url=&#8221;https:\/\/www.booking.com\/hotel\/at\/appartementanlage-kerber.de.html&#8221; url_new_window=&#8221;on&#8221; align_tablet=&#8221;center&#8221; align_phone=&#8221;&#8221; align_last_edited=&#8221;on|desktop&#8221; _builder_version=&#8221;4.16&#8243; custom_margin=&#8221;20px|||&#8221; custom_css_main_element=&#8221;max-width: 150px;&#8221; global_colors_info=&#8221;{}&#8221;][\/et_pb_image][et_pb_image src=&#8221;https:\/\/www.kerber-seefeld.at\/wp-content\/uploads\/tripadvisor-logo.png&#8221; url=&#8221;https:\/\/www.tripadvisor.at\/Hotel_Review-g319732-d1191674-Reviews-Appartementanlage_Kerber-Seefeld_in_Tirol_Tirol_Austrian_Alps.html&#8221; url_new_window=&#8221;on&#8221; align_tablet=&#8221;center&#8221; align_phone=&#8221;&#8221; align_last_edited=&#8221;on|desktop&#8221; _builder_version=&#8221;4.16&#8243; custom_margin=&#8221;20px|||&#8221; custom_css_main_element=&#8221;max-width: 150px;&#8221; global_colors_info=&#8221;{}&#8221;][\/et_pb_image][et_pb_image src=&#8221;https:\/\/www.kerber-seefeld.at\/wp-content\/uploads\/traumferienwohnungen-logo.png&#8221; url=&#8221;https:\/\/www.traum-ferienwohnungen.at\/objektuebersicht\/tf88d250\/&#8221; align_tablet=&#8221;center&#8221; align_phone=&#8221;&#8221; align_last_edited=&#8221;on|desktop&#8221; _builder_version=&#8221;4.16&#8243; custom_margin=&#8221;20px|||&#8221; custom_css_main_element=&#8221;max-width: 150px;&#8221; global_colors_info=&#8221;{}&#8221;][\/et_pb_image][\/et_pb_column][\/et_pb_row][\/et_pb_section]<\/p>\n","protected":false},"excerpt":{"rendered":"<p>Affascinanti appartamenti per le vacanze a Seefeld \/ Tirolo con la famiglia Kerber Vacanze in appartamento con gli amici Benvenuti nel paradiso delle vacanze! L&#8217;Appartements Kerber si trova in una posizione unica e tranquilla sul Geigenb\u00fchel, uno dei migliori indirizzi di Seefeld in Tirolo. Trascorrete le vostre vacanze nel cuore delle Alpi, a Seefeld, a [&hellip;]<\/p>\n","protected":false},"author":2,"featured_media":0,"parent":0,"menu_order":0,"comment_status":"closed","ping_status":"closed","template":"","meta":{"_et_pb_use_builder":"on","_et_pb_old_content":"","_et_gb_content_width":"","footnotes":""},"class_list":["post-1109","page","type-page","status-publish","hentry"],"yoast_head":"<!-- This site is optimized with the Yoast SEO plugin v27.6 - https:\/\/yoast.com\/product\/yoast-seo-wordpress\/ -->\n<title>Home - Appartements Kerber Seefeld<\/title>\n<meta name=\"robots\" content=\"index, follow, max-snippet:-1, max-image-preview:large, max-video-preview:-1\" \/>\n<link rel=\"canonical\" href=\"https:\/\/www.kerber-seefeld.at\/it\/\" \/>\n<meta property=\"og:locale\" content=\"it_IT\" \/>\n<meta property=\"og:type\" content=\"article\" \/>\n<meta property=\"og:title\" content=\"Home - Appartements Kerber Seefeld\" \/>\n<meta property=\"og:description\" content=\"Affascinanti appartamenti per le vacanze a Seefeld \/ Tirolo con la famiglia Kerber Vacanze in appartamento con gli amici Benvenuti nel paradiso delle vacanze! L&#039;Appartements Kerber si trova in una posizione unica e tranquilla sul Geigenb\u00fchel, uno dei migliori indirizzi di Seefeld in Tirolo. Trascorrete le vostre vacanze nel cuore delle Alpi, a Seefeld, a [&hellip;]\" \/>\n<meta property=\"og:url\" content=\"https:\/\/www.kerber-seefeld.at\/it\/\" \/>\n<meta property=\"og:site_name\" content=\"Appartements Kerber Seefeld\" \/>\n<meta property=\"article:publisher\" content=\"https:\/\/www.facebook.com\/appartementanlagekerber\/\" \/>\n<meta property=\"article:modified_time\" content=\"2025-05-08T11:54:41+00:00\" \/>\n<meta name=\"twitter:card\" content=\"summary_large_image\" \/>\n<meta name=\"twitter:label1\" content=\"Tempo di lettura stimato\" \/>\n\t<meta name=\"twitter:data1\" content=\"8 minuti\" \/>\n<script type=\"application\/ld+json\" class=\"yoast-schema-graph\">{\"@context\":\"https:\\\/\\\/schema.org\",\"@graph\":[{\"@type\":\"WebPage\",\"@id\":\"https:\\\/\\\/www.kerber-seefeld.at\\\/it\\\/\",\"url\":\"https:\\\/\\\/www.kerber-seefeld.at\\\/it\\\/\",\"name\":\"Home - Appartements Kerber Seefeld\",\"isPartOf\":{\"@id\":\"https:\\\/\\\/www.kerber-seefeld.at\\\/it\\\/#website\"},\"datePublished\":\"2018-05-16T11:52:54+00:00\",\"dateModified\":\"2025-05-08T11:54:41+00:00\",\"breadcrumb\":{\"@id\":\"https:\\\/\\\/www.kerber-seefeld.at\\\/it\\\/#breadcrumb\"},\"inLanguage\":\"it-IT\",\"potentialAction\":[{\"@type\":\"ReadAction\",\"target\":[\"https:\\\/\\\/www.kerber-seefeld.at\\\/it\\\/\"]}]},{\"@type\":\"BreadcrumbList\",\"@id\":\"https:\\\/\\\/www.kerber-seefeld.at\\\/it\\\/#breadcrumb\",\"itemListElement\":[{\"@type\":\"ListItem\",\"position\":1,\"name\":\"Home\",\"item\":\"https:\\\/\\\/www.kerber-seefeld.at\\\/it\\\/\"},{\"@type\":\"ListItem\",\"position\":2,\"name\":\"Home\"}]},{\"@type\":\"WebSite\",\"@id\":\"https:\\\/\\\/www.kerber-seefeld.at\\\/it\\\/#website\",\"url\":\"https:\\\/\\\/www.kerber-seefeld.at\\\/it\\\/\",\"name\":\"Ferienwohnungen, Apartments Kerber Seefeld\",\"description\":\"Ferienwohnungen in Seefeld in Tirol\",\"publisher\":{\"@id\":\"https:\\\/\\\/www.kerber-seefeld.at\\\/it\\\/#organization\"},\"potentialAction\":[{\"@type\":\"SearchAction\",\"target\":{\"@type\":\"EntryPoint\",\"urlTemplate\":\"https:\\\/\\\/www.kerber-seefeld.at\\\/it\\\/?s={search_term_string}\"},\"query-input\":{\"@type\":\"PropertyValueSpecification\",\"valueRequired\":true,\"valueName\":\"search_term_string\"}}],\"inLanguage\":\"it-IT\"},{\"@type\":\"Organization\",\"@id\":\"https:\\\/\\\/www.kerber-seefeld.at\\\/it\\\/#organization\",\"name\":\"Appartementanlage Kerber\",\"url\":\"https:\\\/\\\/www.kerber-seefeld.at\\\/it\\\/\",\"logo\":{\"@type\":\"ImageObject\",\"inLanguage\":\"it-IT\",\"@id\":\"https:\\\/\\\/www.kerber-seefeld.at\\\/it\\\/#\\\/schema\\\/logo\\\/image\\\/\",\"url\":\"https:\\\/\\\/www.kerber-seefeld.at\\\/wp-content\\\/uploads\\\/logo.jpg\",\"contentUrl\":\"https:\\\/\\\/www.kerber-seefeld.at\\\/wp-content\\\/uploads\\\/logo.jpg\",\"width\":773,\"height\":654,\"caption\":\"Appartementanlage Kerber\"},\"image\":{\"@id\":\"https:\\\/\\\/www.kerber-seefeld.at\\\/it\\\/#\\\/schema\\\/logo\\\/image\\\/\"},\"sameAs\":[\"https:\\\/\\\/www.facebook.com\\\/appartementanlagekerber\\\/\"]}]}<\/script>\n<!-- \/ Yoast SEO plugin. -->","yoast_head_json":{"title":"Home - Appartements Kerber Seefeld","robots":{"index":"index","follow":"follow","max-snippet":"max-snippet:-1","max-image-preview":"max-image-preview:large","max-video-preview":"max-video-preview:-1"},"canonical":"https:\/\/www.kerber-seefeld.at\/it\/","og_locale":"it_IT","og_type":"article","og_title":"Home - Appartements Kerber Seefeld","og_description":"Affascinanti appartamenti per le vacanze a Seefeld \/ Tirolo con la famiglia Kerber Vacanze in appartamento con gli amici Benvenuti nel paradiso delle vacanze! L'Appartements Kerber si trova in una posizione unica e tranquilla sul Geigenb\u00fchel, uno dei migliori indirizzi di Seefeld in Tirolo. Trascorrete le vostre vacanze nel cuore delle Alpi, a Seefeld, a [&hellip;]","og_url":"https:\/\/www.kerber-seefeld.at\/it\/","og_site_name":"Appartements Kerber Seefeld","article_publisher":"https:\/\/www.facebook.com\/appartementanlagekerber\/","article_modified_time":"2025-05-08T11:54:41+00:00","twitter_card":"summary_large_image","twitter_misc":{"Tempo di lettura stimato":"8 minuti"},"schema":{"@context":"https:\/\/schema.org","@graph":[{"@type":"WebPage","@id":"https:\/\/www.kerber-seefeld.at\/it\/","url":"https:\/\/www.kerber-seefeld.at\/it\/","name":"Home - Appartements Kerber Seefeld","isPartOf":{"@id":"https:\/\/www.kerber-seefeld.at\/it\/#website"},"datePublished":"2018-05-16T11:52:54+00:00","dateModified":"2025-05-08T11:54:41+00:00","breadcrumb":{"@id":"https:\/\/www.kerber-seefeld.at\/it\/#breadcrumb"},"inLanguage":"it-IT","potentialAction":[{"@type":"ReadAction","target":["https:\/\/www.kerber-seefeld.at\/it\/"]}]},{"@type":"BreadcrumbList","@id":"https:\/\/www.kerber-seefeld.at\/it\/#breadcrumb","itemListElement":[{"@type":"ListItem","position":1,"name":"Home","item":"https:\/\/www.kerber-seefeld.at\/it\/"},{"@type":"ListItem","position":2,"name":"Home"}]},{"@type":"WebSite","@id":"https:\/\/www.kerber-seefeld.at\/it\/#website","url":"https:\/\/www.kerber-seefeld.at\/it\/","name":"Ferienwohnungen, Apartments Kerber Seefeld","description":"Ferienwohnungen in Seefeld in Tirol","publisher":{"@id":"https:\/\/www.kerber-seefeld.at\/it\/#organization"},"potentialAction":[{"@type":"SearchAction","target":{"@type":"EntryPoint","urlTemplate":"https:\/\/www.kerber-seefeld.at\/it\/?s={search_term_string}"},"query-input":{"@type":"PropertyValueSpecification","valueRequired":true,"valueName":"search_term_string"}}],"inLanguage":"it-IT"},{"@type":"Organization","@id":"https:\/\/www.kerber-seefeld.at\/it\/#organization","name":"Appartementanlage Kerber","url":"https:\/\/www.kerber-seefeld.at\/it\/","logo":{"@type":"ImageObject","inLanguage":"it-IT","@id":"https:\/\/www.kerber-seefeld.at\/it\/#\/schema\/logo\/image\/","url":"https:\/\/www.kerber-seefeld.at\/wp-content\/uploads\/logo.jpg","contentUrl":"https:\/\/www.kerber-seefeld.at\/wp-content\/uploads\/logo.jpg","width":773,"height":654,"caption":"Appartementanlage Kerber"},"image":{"@id":"https:\/\/www.kerber-seefeld.at\/it\/#\/schema\/logo\/image\/"},"sameAs":["https:\/\/www.facebook.com\/appartementanlagekerber\/"]}]}},"_links":{"self":[{"href":"https:\/\/www.kerber-seefeld.at\/it\/wp-json\/wp\/v2\/pages\/1109","targetHints":{"allow":["GET"]}}],"collection":[{"href":"https:\/\/www.kerber-seefeld.at\/it\/wp-json\/wp\/v2\/pages"}],"about":[{"href":"https:\/\/www.kerber-seefeld.at\/it\/wp-json\/wp\/v2\/types\/page"}],"author":[{"embeddable":true,"href":"https:\/\/www.kerber-seefeld.at\/it\/wp-json\/wp\/v2\/users\/2"}],"replies":[{"embeddable":true,"href":"https:\/\/www.kerber-seefeld.at\/it\/wp-json\/wp\/v2\/comments?post=1109"}],"version-history":[{"count":31,"href":"https:\/\/www.kerber-seefeld.at\/it\/wp-json\/wp\/v2\/pages\/1109\/revisions"}],"predecessor-version":[{"id":9963,"href":"https:\/\/www.kerber-seefeld.at\/it\/wp-json\/wp\/v2\/pages\/1109\/revisions\/9963"}],"wp:attachment":[{"href":"https:\/\/www.kerber-seefeld.at\/it\/wp-json\/wp\/v2\/media?parent=1109"}],"curies":[{"name":"wp","href":"https:\/\/api.w.org\/{rel}","templated":true}]}}